{"id":3676,"date":"2025-04-24T16:34:03","date_gmt":"2025-04-24T16:34:03","guid":{"rendered":"https:\/\/cincilingua.com\/?post_type=product&#038;p=3676"},"modified":"2025-04-24T17:05:00","modified_gmt":"2025-04-24T17:05:00","slug":"30-hours-live-and-learn-in-person-training-copy","status":"publish","type":"product","link":"https:\/\/cincilingua.com\/es\/producto\/30-hours-live-and-learn-in-person-training-copy\/","title":{"rendered":"30 horas semanales Formaci\u00f3n presencial en vivo y en directo"},"content":{"rendered":"<div class=\"elementor-element elementor-element-a729eab elementor-icon-list--layout-traditional elementor-list-item-link-full_width elementor-widget elementor-widget-icon-list\" data-id=\"a729eab\" data-element_type=\"widget\" data-widget_type=\"icon-list.default\">\n<div class=\"elementor-widget-container\">\n<p>Su semana de instrucci\u00f3n de clase mundial incluye:<\/p>\n<ul class=\"elementor-icon-list-items\">\n<li class=\"elementor-icon-list-item\">30 horas de clases particulares a la semana (de lunes a viernes de 9:00 a 12:00).<br \/>\nde 13:00 a 16:00). El programa es completamente individual, un instructor para un estudiante, para que pueda adaptarse a las necesidades espec\u00edficas de cada estudiante y el estudiante recibe la atenci\u00f3n completa de su instructor.<\/li>\n<\/ul>\n<\/div>\n<\/div>\n<div class=\"elementor-element elementor-element-6c49c5b elementor-icon-list--layout-traditional elementor-list-item-link-full_width elementor-widget elementor-widget-icon-list\" data-id=\"6c49c5b\" data-element_type=\"widget\" data-widget_type=\"icon-list.default\">\n<div class=\"elementor-widget-container\">\n<ul class=\"elementor-icon-list-items\">\n<li class=\"elementor-icon-list-item\"><i class=\"fas fa-check-circle\" aria-hidden=\"true\"><\/i><span class=\"elementor-icon-list-text\">Instrucci\u00f3n transcultural. El alumno es instruido en ingl\u00e9s y en los patrones de pensamiento y acci\u00f3n de los Estados Unidos.<\/span><\/li>\n<\/ul>\n<\/div>\n<\/div>\n<div class=\"elementor-element elementor-element-254fa22 elementor-icon-list--layout-traditional elementor-list-item-link-full_width elementor-widget elementor-widget-icon-list\" data-id=\"254fa22\" data-element_type=\"widget\" data-widget_type=\"icon-list.default\">\n<div class=\"elementor-widget-container\">\n<ul class=\"elementor-icon-list-items\">\n<li class=\"elementor-icon-list-item\"><i class=\"fas fa-check-circle\" aria-hidden=\"true\"><\/i><span class=\"elementor-icon-list-text\">Instrucci\u00f3n sobre la terminolog\u00eda t\u00e9cnica seg\u00fan sea necesario.<\/span><i class=\"fas fa-check-circle\" aria-hidden=\"true\"><\/i><\/li>\n<\/ul>\n<\/div>\n<\/div>\n<div class=\"elementor-element elementor-element-8cd178a elementor-icon-list--layout-traditional elementor-list-item-link-full_width elementor-widget elementor-widget-icon-list\" data-id=\"8cd178a\" data-element_type=\"widget\" data-widget_type=\"icon-list.default\">\n<div class=\"elementor-widget-container\"><\/div>\n<\/div>\n<div class=\"elementor-element elementor-element-9a925e1 elementor-icon-list--layout-traditional elementor-list-item-link-full_width elementor-widget elementor-widget-icon-list\" data-id=\"9a925e1\" data-element_type=\"widget\" data-widget_type=\"icon-list.default\">\n<div class=\"elementor-widget-container\">\n<ul class=\"elementor-icon-list-items\">\n<li class=\"elementor-icon-list-item\"><i class=\"fas fa-check-circle\" aria-hidden=\"true\"><\/i><span class=\"elementor-icon-list-text\">Material did\u00e1ctico.<\/span><\/li>\n<\/ul>\n<\/div>\n<\/div>\n<div class=\"elementor-element elementor-element-3edc056 elementor-icon-list--layout-traditional elementor-list-item-link-full_width elementor-widget elementor-widget-icon-list\" data-id=\"3edc056\" data-element_type=\"widget\" data-widget_type=\"icon-list.default\">\n<div class=\"elementor-widget-container\">\n<ul class=\"elementor-icon-list-items\">\n<li class=\"elementor-icon-list-item\"><i class=\"fas fa-check-circle\" aria-hidden=\"true\"><\/i><span class=\"elementor-icon-list-text\">\"Vive y aprende\", nuestra ense\u00f1anza de ingl\u00e9s de negocios y ESL, ofrece a los estudiantes la opci\u00f3n de ir a lugares de la ciudad. Los estudiantes est\u00e1n siempre acompa\u00f1ados por un instructor.<\/span><\/li>\n<\/ul>\n<\/div>\n<\/div>\n<div class=\"elementor-element elementor-element-542a4ed elementor-widget elementor-widget-spacer\" data-id=\"542a4ed\" data-element_type=\"widget\" data-widget_type=\"spacer.default\">\n<div class=\"elementor-widget-container\">\n<div class=\"elementor-spacer\">\n<div class=\"elementor-spacer-inner\"><\/div>\n<\/div>\n<\/div>\n<\/div>\n<div class=\"elementor-element elementor-element-f76bbdc elementor-widget elementor-widget-text-editor\" data-id=\"f76bbdc\" data-element_type=\"widget\" data-widget_type=\"text-editor.default\">\n<div class=\"elementor-widget-container\">\n<div class=\"elementor-text-editor elementor-clearfix\">\n<p><strong>Los estudiantes son responsables de:<\/strong><\/p>\n<ul>\n<li>Gastos personales y accesorios.<\/li>\n<li>Viaje de ida y vuelta a Cincinnati.<\/li>\n<li>Transporte hacia y desde el aeropuerto.<\/li>\n<li>Todas las comidas, incluido el almuerzo<\/li>\n<li>Alojamiento y todo el transporte<\/li>\n<\/ul>\n<\/div>\n<\/div>\n<\/div>","protected":false},"excerpt":{"rendered":"<p>Programa Cincilingua Live and Learn en Cincinnati, Ohio<\/p>","protected":false},"featured_media":3677,"template":"","meta":{"_mo_disable_npp":"","_monsterinsights_skip_tracking":false,"_monsterinsights_sitenote_active":false,"_monsterinsights_sitenote_note":"","_monsterinsights_sitenote_category":0,"site-sidebar-layout":"default","site-content-layout":"default","ast-site-content-layout":"default","site-content-style":"default","site-sidebar-style":"default","ast-global-header-display":"","ast-banner-title-visibility":"","ast-main-header-display":"","ast-hfb-above-header-display":"","ast-hfb-below-header-display":"","ast-hfb-mobile-header-display":"","site-post-title":"disabled","ast-breadcrumbs-content":"disabled","ast-featured-img":"disabled","footer-sml-layout":"","ast-disable-related-posts":"","theme-transparent-header-meta":"default","adv-header-id-meta":"","stick-header-meta":"default","header-above-stick-meta":"","header-main-stick-meta":"","header-below-stick-meta":"","astra-migrate-meta-layouts":"set","ast-page-background-enabled":"default","ast-page-background-meta":{"desktop":{"background-color":"","background-image":"","background-repeat":"repeat","background-position":"center center","background-size":"auto","background-attachment":"scroll","background-type":"","background-media":"","overlay-type":"","overlay-color":"","overlay-opacity":"","overlay-gradient":""},"tablet":{"background-color":"","background-image":"","background-repeat":"repeat","background-position":"center center","background-size":"auto","background-attachment":"scroll","background-type":"","background-media":"","overlay-type":"","overlay-color":"","overlay-opacity":"","overlay-gradient":""},"mobile":{"background-color":"","background-image":"","background-repeat":"repeat","background-position":"center center","background-size":"auto","background-attachment":"scroll","background-type":"","background-media":"","overlay-type":"","overlay-color":"","overlay-opacity":"","overlay-gradient":""}},"ast-content-background-meta":{"desktop":{"background-color":"var(--ast-global-color-5)","background-image":"","background-repeat":"repeat","background-position":"center center","background-size":"auto","background-attachment":"scroll","background-type":"","background-media":"","overlay-type":"","overlay-color":"","overlay-opacity":"","overlay-gradient":""},"tablet":{"background-color":"var(--ast-global-color-5)","background-image":"","background-repeat":"repeat","background-position":"center center","background-size":"auto","background-attachment":"scroll","background-type":"","background-media":"","overlay-type":"","overlay-color":"","overlay-opacity":"","overlay-gradient":""},"mobile":{"background-color":"var(--ast-global-color-5)","background-image":"","background-repeat":"repeat","background-position":"center center","background-size":"auto","background-attachment":"scroll","background-type":"","background-media":"","overlay-type":"","overlay-color":"","overlay-opacity":"","overlay-gradient":""}}},"product_brand":[],"product_cat":[25],"product_tag":[],"class_list":{"0":"post-3676","1":"product","2":"type-product","3":"status-publish","4":"has-post-thumbnail","6":"product_cat-live-and-learn","7":"desktop-align-left","8":"tablet-align-left","9":"mobile-align-left","10":"ast-product-gallery-layout-horizontal-slider","11":"ast-product-gallery-with-no-image","12":"ast-magnify-disabled","13":"ast-product-tabs-layout-horizontal","15":"first","16":"instock","17":"shipping-taxable","18":"purchasable","19":"product-type-simple"},"group_of_quantity":0,"min_quantity":0,"max_quantity":"","exclude_order_quantity_value_rules":"no","exclude_category_quantity_rules":"no","combine_variations":"no","yoast_head":"<!-- This site is optimized with the Yoast SEO plugin v27.4 - https:\/\/yoast.com\/product\/yoast-seo-wordpress\/ -->\n<title>30 hours per week Live and Learn In Person Training - Cincilingua<\/title>\n<meta name=\"robots\" content=\"index, follow, max-snippet:-1, max-image-preview:large, max-video-preview:-1\" \/>\n<link rel=\"canonical\" href=\"https:\/\/cincilingua.com\/es\/producto\/30-hours-live-and-learn-in-person-training-copy\/\" \/>\n<meta property=\"og:locale\" content=\"es_MX\" \/>\n<meta property=\"og:type\" content=\"article\" \/>\n<meta property=\"og:title\" content=\"30 hours per week Live and Learn In Person Training - Cincilingua\" \/>\n<meta property=\"og:description\" content=\"Cincilingua Live and Learn Program in Cincinnati, Ohio\" \/>\n<meta property=\"og:url\" content=\"https:\/\/cincilingua.com\/es\/producto\/30-hours-live-and-learn-in-person-training-copy\/\" \/>\n<meta property=\"og:site_name\" content=\"Cincilingua\" \/>\n<meta property=\"article:publisher\" content=\"https:\/\/www.facebook.com\/Cincilingua\/\" \/>\n<meta property=\"article:modified_time\" content=\"2025-04-24T17:05:00+00:00\" \/>\n<meta property=\"og:image\" content=\"https:\/\/cincilingua.com\/wp-content\/uploads\/2025\/04\/30-hour-live-and-learn.jpg\" \/>\n\t<meta property=\"og:image:width\" content=\"1080\" \/>\n\t<meta property=\"og:image:height\" content=\"1080\" \/>\n\t<meta property=\"og:image:type\" content=\"image\/jpeg\" \/>\n<meta name=\"twitter:card\" content=\"summary_large_image\" \/>\n<meta name=\"twitter:site\" content=\"@CincilinguaI\" \/>\n<meta name=\"twitter:label1\" content=\"Tiempo de lectura\" \/>\n\t<meta name=\"twitter:data1\" content=\"1 minuto\" \/>\n<script type=\"application\/ld+json\" class=\"yoast-schema-graph\">{\"@context\":\"https:\\\/\\\/schema.org\",\"@graph\":[{\"@type\":\"WebPage\",\"@id\":\"https:\\\/\\\/cincilingua.com\\\/product\\\/30-hours-live-and-learn-in-person-training-copy\\\/\",\"url\":\"https:\\\/\\\/cincilingua.com\\\/product\\\/30-hours-live-and-learn-in-person-training-copy\\\/\",\"name\":\"30 hours per week Live and Learn In Person Training - Cincilingua\",\"isPartOf\":{\"@id\":\"https:\\\/\\\/cincilingua.com\\\/es\\\/#website\"},\"primaryImageOfPage\":{\"@id\":\"https:\\\/\\\/cincilingua.com\\\/product\\\/30-hours-live-and-learn-in-person-training-copy\\\/#primaryimage\"},\"image\":{\"@id\":\"https:\\\/\\\/cincilingua.com\\\/product\\\/30-hours-live-and-learn-in-person-training-copy\\\/#primaryimage\"},\"thumbnailUrl\":\"https:\\\/\\\/cincilingua.com\\\/wp-content\\\/uploads\\\/2025\\\/04\\\/30-hour-live-and-learn.jpg\",\"datePublished\":\"2025-04-24T16:34:03+00:00\",\"dateModified\":\"2025-04-24T17:05:00+00:00\",\"breadcrumb\":{\"@id\":\"https:\\\/\\\/cincilingua.com\\\/product\\\/30-hours-live-and-learn-in-person-training-copy\\\/#breadcrumb\"},\"inLanguage\":\"es\",\"potentialAction\":[{\"@type\":\"ReadAction\",\"target\":[\"https:\\\/\\\/cincilingua.com\\\/product\\\/30-hours-live-and-learn-in-person-training-copy\\\/\"]}]},{\"@type\":\"ImageObject\",\"inLanguage\":\"es\",\"@id\":\"https:\\\/\\\/cincilingua.com\\\/product\\\/30-hours-live-and-learn-in-person-training-copy\\\/#primaryimage\",\"url\":\"https:\\\/\\\/cincilingua.com\\\/wp-content\\\/uploads\\\/2025\\\/04\\\/30-hour-live-and-learn.jpg\",\"contentUrl\":\"https:\\\/\\\/cincilingua.com\\\/wp-content\\\/uploads\\\/2025\\\/04\\\/30-hour-live-and-learn.jpg\",\"width\":1080,\"height\":1080,\"caption\":\"30 hour live and learn - 2 men in a spanish immersion class\"},{\"@type\":\"BreadcrumbList\",\"@id\":\"https:\\\/\\\/cincilingua.com\\\/product\\\/30-hours-live-and-learn-in-person-training-copy\\\/#breadcrumb\",\"itemListElement\":[{\"@type\":\"ListItem\",\"position\":1,\"name\":\"Home\",\"item\":\"https:\\\/\\\/cincilingua.com\\\/en\\\/\"},{\"@type\":\"ListItem\",\"position\":2,\"name\":\"Shop\",\"item\":\"https:\\\/\\\/cincilingua.com\\\/en\\\/shop\\\/\"},{\"@type\":\"ListItem\",\"position\":3,\"name\":\"30 hours per week Live and Learn In Person Training\"}]},{\"@type\":\"WebSite\",\"@id\":\"https:\\\/\\\/cincilingua.com\\\/es\\\/#website\",\"url\":\"https:\\\/\\\/cincilingua.com\\\/es\\\/\",\"name\":\"Cincilingua\",\"description\":\"Learn English in person with our Live and Learn program or online options available\",\"publisher\":{\"@id\":\"https:\\\/\\\/cincilingua.com\\\/es\\\/#organization\"},\"potentialAction\":[{\"@type\":\"SearchAction\",\"target\":{\"@type\":\"EntryPoint\",\"urlTemplate\":\"https:\\\/\\\/cincilingua.com\\\/es\\\/?s={search_term_string}\"},\"query-input\":{\"@type\":\"PropertyValueSpecification\",\"valueRequired\":true,\"valueName\":\"search_term_string\"}}],\"inLanguage\":\"es\"},{\"@type\":\"Organization\",\"@id\":\"https:\\\/\\\/cincilingua.com\\\/es\\\/#organization\",\"name\":\"Cincilingua\",\"url\":\"https:\\\/\\\/cincilingua.com\\\/es\\\/\",\"logo\":{\"@type\":\"ImageObject\",\"inLanguage\":\"es\",\"@id\":\"https:\\\/\\\/cincilingua.com\\\/es\\\/#\\\/schema\\\/logo\\\/image\\\/\",\"url\":\"https:\\\/\\\/cincilingua.com\\\/wp-content\\\/uploads\\\/2020\\\/12\\\/cincilingua-sq-500px.jpg\",\"contentUrl\":\"https:\\\/\\\/cincilingua.com\\\/wp-content\\\/uploads\\\/2020\\\/12\\\/cincilingua-sq-500px.jpg\",\"width\":500,\"height\":500,\"caption\":\"Cincilingua\"},\"image\":{\"@id\":\"https:\\\/\\\/cincilingua.com\\\/es\\\/#\\\/schema\\\/logo\\\/image\\\/\"},\"sameAs\":[\"https:\\\/\\\/www.facebook.com\\\/Cincilingua\\\/\",\"https:\\\/\\\/x.com\\\/CincilinguaI\",\"https:\\\/\\\/www.linkedin.com\\\/in\\\/cincilingua-inc-22717b1bb\\\/\",\"https:\\\/\\\/m.youtube.com\\\/channel\\\/UCtJ-JtgC51OSidT-QEGXPVQ\"]}]}<\/script>\n<!-- \/ Yoast SEO plugin. -->","yoast_head_json":{"title":"30 horas semanales de formaci\u00f3n presencial \u00abLive and Learn\u00bb - Cincilingua","robots":{"index":"index","follow":"follow","max-snippet":"max-snippet:-1","max-image-preview":"max-image-preview:large","max-video-preview":"max-video-preview:-1"},"canonical":"https:\/\/cincilingua.com\/es\/producto\/30-hours-live-and-learn-in-person-training-copy\/","og_locale":"es_MX","og_type":"article","og_title":"30 hours per week Live and Learn In Person Training - Cincilingua","og_description":"Cincilingua Live and Learn Program in Cincinnati, Ohio","og_url":"https:\/\/cincilingua.com\/es\/producto\/30-hours-live-and-learn-in-person-training-copy\/","og_site_name":"Cincilingua","article_publisher":"https:\/\/www.facebook.com\/Cincilingua\/","article_modified_time":"2025-04-24T17:05:00+00:00","og_image":[{"width":1080,"height":1080,"url":"https:\/\/cincilingua.com\/wp-content\/uploads\/2025\/04\/30-hour-live-and-learn.jpg","type":"image\/jpeg"}],"twitter_card":"summary_large_image","twitter_site":"@CincilinguaI","twitter_misc":{"Tiempo de lectura":"1 minuto"},"schema":{"@context":"https:\/\/schema.org","@graph":[{"@type":"WebPage","@id":"https:\/\/cincilingua.com\/product\/30-hours-live-and-learn-in-person-training-copy\/","url":"https:\/\/cincilingua.com\/product\/30-hours-live-and-learn-in-person-training-copy\/","name":"30 horas semanales de formaci\u00f3n presencial \u00abLive and Learn\u00bb - Cincilingua","isPartOf":{"@id":"https:\/\/cincilingua.com\/es\/#website"},"primaryImageOfPage":{"@id":"https:\/\/cincilingua.com\/product\/30-hours-live-and-learn-in-person-training-copy\/#primaryimage"},"image":{"@id":"https:\/\/cincilingua.com\/product\/30-hours-live-and-learn-in-person-training-copy\/#primaryimage"},"thumbnailUrl":"https:\/\/cincilingua.com\/wp-content\/uploads\/2025\/04\/30-hour-live-and-learn.jpg","datePublished":"2025-04-24T16:34:03+00:00","dateModified":"2025-04-24T17:05:00+00:00","breadcrumb":{"@id":"https:\/\/cincilingua.com\/product\/30-hours-live-and-learn-in-person-training-copy\/#breadcrumb"},"inLanguage":"es","potentialAction":[{"@type":"ReadAction","target":["https:\/\/cincilingua.com\/product\/30-hours-live-and-learn-in-person-training-copy\/"]}]},{"@type":"ImageObject","inLanguage":"es","@id":"https:\/\/cincilingua.com\/product\/30-hours-live-and-learn-in-person-training-copy\/#primaryimage","url":"https:\/\/cincilingua.com\/wp-content\/uploads\/2025\/04\/30-hour-live-and-learn.jpg","contentUrl":"https:\/\/cincilingua.com\/wp-content\/uploads\/2025\/04\/30-hour-live-and-learn.jpg","width":1080,"height":1080,"caption":"30 hour live and learn - 2 men in a spanish immersion class"},{"@type":"BreadcrumbList","@id":"https:\/\/cincilingua.com\/product\/30-hours-live-and-learn-in-person-training-copy\/#breadcrumb","itemListElement":[{"@type":"ListItem","position":1,"name":"Home","item":"https:\/\/cincilingua.com\/en\/"},{"@type":"ListItem","position":2,"name":"Shop","item":"https:\/\/cincilingua.com\/en\/shop\/"},{"@type":"ListItem","position":3,"name":"30 hours per week Live and Learn In Person Training"}]},{"@type":"WebSite","@id":"https:\/\/cincilingua.com\/es\/#website","url":"https:\/\/cincilingua.com\/es\/","name":"Cincilingua","description":"Aprenda ingl\u00e9s en persona con nuestro programa \"Live and Learn\" o con las opciones en l\u00ednea disponibles","publisher":{"@id":"https:\/\/cincilingua.com\/es\/#organization"},"potentialAction":[{"@type":"SearchAction","target":{"@type":"EntryPoint","urlTemplate":"https:\/\/cincilingua.com\/es\/?s={search_term_string}"},"query-input":{"@type":"PropertyValueSpecification","valueRequired":true,"valueName":"search_term_string"}}],"inLanguage":"es"},{"@type":"Organization","@id":"https:\/\/cincilingua.com\/es\/#organization","name":"Cincilingua","url":"https:\/\/cincilingua.com\/es\/","logo":{"@type":"ImageObject","inLanguage":"es","@id":"https:\/\/cincilingua.com\/es\/#\/schema\/logo\/image\/","url":"https:\/\/cincilingua.com\/wp-content\/uploads\/2020\/12\/cincilingua-sq-500px.jpg","contentUrl":"https:\/\/cincilingua.com\/wp-content\/uploads\/2020\/12\/cincilingua-sq-500px.jpg","width":500,"height":500,"caption":"Cincilingua"},"image":{"@id":"https:\/\/cincilingua.com\/es\/#\/schema\/logo\/image\/"},"sameAs":["https:\/\/www.facebook.com\/Cincilingua\/","https:\/\/x.com\/CincilinguaI","https:\/\/www.linkedin.com\/in\/cincilingua-inc-22717b1bb\/","https:\/\/m.youtube.com\/channel\/UCtJ-JtgC51OSidT-QEGXPVQ"]}]}},"_links":{"self":[{"href":"https:\/\/cincilingua.com\/es\/wp-json\/wp\/v2\/product\/3676","targetHints":{"allow":["GET"]}}],"collection":[{"href":"https:\/\/cincilingua.com\/es\/wp-json\/wp\/v2\/product"}],"about":[{"href":"https:\/\/cincilingua.com\/es\/wp-json\/wp\/v2\/types\/product"}],"wp:featuredmedia":[{"embeddable":true,"href":"https:\/\/cincilingua.com\/es\/wp-json\/wp\/v2\/media\/3677"}],"wp:attachment":[{"href":"https:\/\/cincilingua.com\/es\/wp-json\/wp\/v2\/media?parent=3676"}],"wp:term":[{"taxonomy":"product_brand","embeddable":true,"href":"https:\/\/cincilingua.com\/es\/wp-json\/wp\/v2\/product_brand?post=3676"},{"taxonomy":"product_cat","embeddable":true,"href":"https:\/\/cincilingua.com\/es\/wp-json\/wp\/v2\/product_cat?post=3676"},{"taxonomy":"product_tag","embeddable":true,"href":"https:\/\/cincilingua.com\/es\/wp-json\/wp\/v2\/product_tag?post=3676"}],"curies":[{"name":"wp","href":"https:\/\/api.w.org\/{rel}","templated":true}]}}